{"id":289,"date":"2025-06-13T15:43:19","date_gmt":"2025-06-13T15:43:19","guid":{"rendered":"https:\/\/4rcopd.net\/info-support-groups\/"},"modified":"2025-09-12T21:24:28","modified_gmt":"2025-09-12T21:24:28","slug":"info-support-groups","status":"publish","type":"page","link":"https:\/\/4rcopd.net\/es\/info-support-groups\/","title":{"rendered":"info-support-groups"},"content":{"rendered":"<p>[et_pb_section fb_built=\u00bb1&#8243; fullwidth=\u00bbon\u00bb _builder_version=\u00bb4.27.4&#8243; _module_preset=\u00bbdefault\u00bb global_colors_info=\u00bb{}\u00bb][et_pb_fullwidth_header title=\u00bbInformaci\u00f3n sobre la EPOC: grupos de apoyo para la EPOC\u00bb _builder_version=\u00bb4.27.4&#8243; _module_preset=\u00bbdefault\u00bb title_font=\u00bb|700|||||||\u00bb subhead_font_size=\u00bb16px\u00bb custom_padding=\u00bb20px||13px|||\u00bb global_colors_info=\u00bb{}\u00bb][\/et_pb_fullwidth_header][\/et_pb_section][et_pb_section fb_built=\u00bb1&#8243; _builder_version=\u00bb4.27.4&#8243; _module_preset=\u00bbdefault\u00bb custom_padding=\u00bb20px||14px|||\u00bb global_colors_info=\u00bb{}\u00bb][et_pb_row _builder_version=\u00bb4.27.4&#8243; _module_preset=\u00bbdefault\u00bb global_colors_info=\u00bb{}\u00bb custom_padding=\u00bb||8px|||\u00bb][et_pb_column type=\u00bb4_4&#8243; _builder_version=\u00bb4.27.4&#8243; _module_preset=\u00bbdefault\u00bb global_colors_info=\u00bb{}\u00bb][et_pb_text _builder_version=\u00bb4.27.4&#8243; _module_preset=\u00bbdefault\u00bb text_font_size=\u00bb20px\u00bb global_colors_info=\u00bb{}\u00bb]<\/p>\n<p>No hay informaci\u00f3n sobre este tema disponible en un solo lugar en Internet. Esta informaci\u00f3n se comparte ya que puede ser \u00fatil para usted. <\/p>\n<p>[\/et_pb_text][\/et_pb_column][\/et_pb_row][\/et_pb_section][et_pb_section fb_built=\u00bb1&#8243; _builder_version=\u00bb4.27.4&#8243; _module_preset=\u00bbdefault\u00bb global_colors_info=\u00bb{}\u00bb custom_padding=\u00bb19px|||||\u00bb][et_pb_row _builder_version=\u00bb4.27.4&#8243; _module_preset=\u00bbdefault\u00bb hover_enabled=\u00bb0&#8243; global_colors_info=\u00bb{}\u00bb sticky_enabled=\u00bb0&#8243; custom_padding=\u00bb20px|||||\u00bb][et_pb_column type=\u00bb4_4&#8243; _builder_version=\u00bb4.27.4&#8243; _module_preset=\u00bbdefault\u00bb global_colors_info=\u00bb{}\u00bb][et_pb_text _builder_version=\u00bb4.27.4&#8243; _module_preset=\u00bbdefault\u00bb hover_enabled=\u00bb0&#8243; global_colors_info=\u00bb{}\u00bb sticky_enabled=\u00bb0&#8243; text_font_size=\u00bb16px\u00bb]<\/p>\n<p>A continuaci\u00f3n, se adapta y ampl\u00eda el texto generado por Gemini.\u00bb Gemini, Google, 12 de junio de 2025, mensaje \u201cGrupos de apoyo para la EPOC\u201d.<\/p>\n<p>Los grupos de apoyo para la EPOC, tanto en l\u00ednea como presenciales, ofrecen una valiosa oportunidad para conectar con otras personas que comprenden los desaf\u00edos de vivir con la EPOC, compartir experiencias y aprender estrategias de afrontamiento. Estos grupos pueden brindar apoyo emocional, ayudar a controlar los s\u00edntomas y empoderar a las personas para que vivan una vida m\u00e1s plena a pesar de su diagn\u00f3stico. [<a href=\"https:\/\/smartvest.com\/blog\/finding-emotional-support-for-your-chronic-respiratory-illness\/#:~:text=Finding%20Support%20for%20Your%20Respiratory%20Condition%20In,guidance%20and%20camaraderie%20throughout%20your%20wellness%20journey.\">1<\/a>, <a href=\"https:\/\/www.healthline.com\/health\/copd\/support-groups-for-severe-copd\">2<\/a>, <a href=\"https:\/\/www.lung.org\/help-support\/better-breathers-club\/better-breathers-club-meetings\">3<\/a>, <a href=\"https:\/\/www.medicalnewstoday.com\/articles\/copd-support-groups\">4<\/a>, <a href=\"https:\/\/www.medicalnewstoday.com\/articles\/best-sleeping-position-for-copd-patients#:~:text=Living%20with%20COPD%20can%20be%20challenging%2C%20but,understand%20the%20challenges%20of%20living%20with%20COPD.\">5<\/a>, <a href=\"https:\/\/ahs.atlantichealth.org\/conditions-treatments\/pulmonary-services\/pulmonary-support-resources.html\">6<\/a>]<\/p>\n<p><strong>Grupos de apoyo en l\u00ednea para la EPOC:<\/strong><\/p>\n<ul>\n<li><strong><a href=\"https:\/\/4rcopd.net\/360social\">COPD360social<\/a>:<\/strong> Una comunidad virtual administrada por la COPD Foundation, que ofrece un lugar para conectarse con otros, acceder a informaci\u00f3n confiable y encontrar recursos. [<a href=\"https:\/\/www.healthline.com\/health\/copd\/support-groups-for-severe-copd\">2<\/a>, <a href=\"https:\/\/www.nhlbi.nih.gov\/breathe-better-network-spotlight\/copd-foundation-creating-virtual-community-patients-and-caregivers\">7<\/a>, <a href=\"https:\/\/www.healthcentral.com\/condition\/copd#:~:text=COPD360social%20is%20an%20online%20community%20created%20by,for%20people%20with%20COPD%20and%20their%20caregivers.\">8<\/a>]<\/li>\n<li><strong><a href=\"https:\/\/4rcopd.net\/inspire-copd\">Living with COPD<\/a>:<\/strong> Un grupo de apoyo en l\u00ednea entre pares administrado por la American Lung Association a trav\u00e9s de Inspire, que permite a las personas compartir sus experiencias y aprender de los dem\u00e1s. [<a href=\"https:\/\/www.healthline.com\/health\/copd\/support-groups-for-severe-copd\">2<\/a>, <a href=\"https:\/\/www.verywellhealth.com\/how-to-find-copd-support-groups-5203018\">9<\/a>, <a href=\"https:\/\/www.lung.org\/help-support\/patient-caregiver-network\/online-support-communities\">10<\/a>]<\/li>\n<li><strong><a href=\"https:\/\/4rcopd.net\/mycopdteam\">MyCOPDTeam<\/a>:<\/strong> Una red social gratuita donde las personas con EPOC pueden compartir ideas, hacer preguntas y encontrar informaci\u00f3n. [<a href=\"https:\/\/www.healthline.com\/health\/copd\/support-groups-for-severe-copd\">2<\/a>, <a href=\"https:\/\/www.verywellhealth.com\/how-to-find-copd-support-groups-5203018\">9<\/a>]<\/li>\n<li><strong><a href=\"https:\/\/4rcopd.net\/pcnala\">Patient &amp; Caregiver Network<\/a><\/strong>: Un programa de apoyo en l\u00ednea para apoyar a las personas afectadas por enfermedades pulmonares<\/li>\n<li><strong><a href=\"https:\/\/4rcopd.net\/lhnala\">Lung Health Navigators<\/a>:<\/strong> Personal de la American Lung Association que brinda apoyo individualizado y gratuito a las personas afectadas por la EPOC y otros problemas pulmonares.<\/li>\n<\/ul>\n<p><strong><\/strong><\/p>\n<p><strong>Grupos de apoyo presenciales para la EPOC:<\/strong><\/p>\n<ul>\n<li><strong><a href=\"https:\/\/4rcopd.net\/bbcala\">Better Breathers Club<\/a>:<\/strong> Una red nacional de grupos de apoyo presenciales y virtuales dirigidos por facilitadores capacitados, que ofrecen educaci\u00f3n, recursos y apoyo emocional. [<a href=\"https:\/\/www.lung.org\/help-support\/better-breathers-club\/better-breathers-club-meetings\">3<\/a>, <a href=\"https:\/\/www.lung.org\/help-support\/better-breathers-club#:~:text=In%20Person%20or%20Virtual%20Meetings%20Better%20Breathers,the%20support%20of%20others%20in%20similar%20situations.\">11<\/a>, <a href=\"https:\/\/www.lung.org\/media\/press-releases\/new-copd-national-action-plan#:~:text=In%20addition%2C%20for%20those%20living%20with%20COPD,the%20disease%20and%20improve%20quality%20of%20life.\">12<\/a>]<\/li>\n<li><strong>Grupos de apoyo locales:<\/strong> Muchos sistemas de salud locales, hospitales y centros comunitarios ofrecen grupos de apoyo para pacientes con EPOC y cuidadores. Consulte con sus proveedores de atenci\u00f3n m\u00e9dica locales u organizaciones comunitarias. [<a href=\"https:\/\/ahs.atlantichealth.org\/conditions-treatments\/pulmonary-services\/pulmonary-support-resources.html\">6<\/a>, <a href=\"https:\/\/www.lung.org\/lung-health-diseases\/lung-disease-lookup\/copd\/finding-support\">13<\/a>]<\/li>\n<\/ul>\n<p>&nbsp;<\/p>\n<p><strong>Beneficios de los grupos de apoyo para la EPOC:<\/strong> [<a href=\"https:\/\/www.lung.org\/help-support\/better-breathers-club\/better-breathers-club-meetings\">3<\/a>, <a href=\"https:\/\/www.youtube.com\/watch?v=L4gQY_zxkm0\">20<\/a>]<\/p>\n<ul>\n<li><strong>Apoyo emocional:<\/strong> Conectar con otras personas que comprenden los desaf\u00edos de la EPOC puede brindar un sentido de pertenencia y reducir los sentimientos de aislamiento. [<a href=\"https:\/\/www.youtube.com\/watch?v=L4gQY_zxkm0\">20<\/a>, <a href=\"https:\/\/www.youtube.com\/watch?v=L4gQY_zxkm0\">20<\/a>]<\/li>\n<li><strong>Conocimiento y educaci\u00f3n:<\/strong> Los grupos de apoyo ofrecen una plataforma para aprender sobre la EPOC, su manejo y los recursos disponibles. [<a href=\"https:\/\/www.lung.org\/help-support\/better-breathers-club\/better-breathers-club-meetings\">3<\/a>, <a href=\"https:\/\/www.lung.org\/help-support\/better-breathers-club\/better-breathers-club-meetings\">3<\/a>, <a href=\"https:\/\/www.lung.org\/help-support\/better-breathers-club#:~:text=In%20Person%20or%20Virtual%20Meetings%20Better%20Breathers,the%20support%20of%20others%20in%20similar%20situations.\">11<\/a>, <a href=\"https:\/\/www.lung.org\/help-support\/better-breathers-club#:~:text=In%20Person%20or%20Virtual%20Meetings%20Better%20Breathers,the%20support%20of%20others%20in%20similar%20situations.\">11<\/a>]<\/li>\n<li><strong>Estrategias de afrontamiento:<\/strong> Las personas pueden compartir sus experiencias y aprender mecanismos de afrontamiento de otras personas que han manejado con \u00e9xito la EPOC. [<a href=\"https:\/\/www.lung.org\/help-support\/better-breathers-club\/better-breathers-club-meetings\">3<\/a>, <a href=\"https:\/\/www.lung.org\/help-support\/better-breathers-club\/better-breathers-club-meetings\">3<\/a>, <a href=\"https:\/\/www.youtube.com\/watch?v=L4gQY_zxkm0\">20<\/a>]<\/li>\n<li><strong>Reducci\u00f3n del miedo y la ansiedad:<\/strong> Compartir experiencias y aprender de los dem\u00e1s puede ayudar a reducir el miedo y la ansiedad asociados con las exacerbaciones y otros desaf\u00edos. [<a href=\"https:\/\/www.youtube.com\/watch?v=L4gQY_zxkm0\">20<\/a>]<\/li>\n<\/ul>\n<p>&nbsp;<\/p>\n<p>[1] <u><a href=\"https:\/\/smartvest.com\/blog\/finding-emotional-support-for-your-chronic-respiratory-illness\/\">https:\/\/smartvest.com\/blog\/finding-emotional-support-for-your-chronic-respiratory-illness\/<\/a><\/u><\/p>\n<p>[2] <a href=\"https:\/\/www.healthline.com\/health\/copd\/support-groups-for-severe-copd\">https:\/\/www.healthline.com\/health\/copd\/support-groups-for-severe-copd<\/a><\/p>\n<p>[3] <a href=\"https:\/\/www.lung.org\/help-support\/better-breathers-club\/better-breathers-club-meetings\">https:\/\/www.lung.org\/help-support\/better-breathers-club\/better-breathers-club-meetings<\/a><\/p>\n<p>[4] <a href=\"https:\/\/www.medicalnewstoday.com\/articles\/copd-support-groups\">https:\/\/www.medicalnewstoday.com\/articles\/copd-support-groups<\/a><\/p>\n<p>[5] <a href=\"https:\/\/www.medicalnewstoday.com\/articles\/best-sleeping-position-for-copd-patients#:~:text=Living%20with%20COPD%20can%20be%20challenging%2C%20but,understand%20the%20challenges%20of%20living%20with%20COPD.\">https:\/\/www.medicalnewstoday.com\/articles\/best-sleeping-position-for-copd-patients<\/a><\/p>\n<p>[6] <a href=\"https:\/\/ahs.atlantichealth.org\/conditions-treatments\/pulmonary-services\/pulmonary-support-resources.html\">https:\/\/ahs.atlantichealth.org\/conditions-treatments\/pulmonary-services\/pulmonary-support-resources.html<\/a><\/p>\n<p>[7] <a href=\"https:\/\/www.nhlbi.nih.gov\/breathe-better-network-spotlight\/copd-foundation-creating-virtual-community-patients-and-caregivers\">https:\/\/www.nhlbi.nih.gov\/breathe-better-network-spotlight\/copd-foundation-creating-virtual-community-patients-and-caregivers<\/a><\/p>\n<p>[8] <a href=\"https:\/\/www.healthcentral.com\/condition\/copd#:~:text=COPD360social%20is%20an%20online%20community%20created%20by,for%20people%20with%20COPD%20and%20their%20caregivers.\">https:\/\/www.healthcentral.com\/condition\/copd<\/a><\/p>\n<p>[9] <a href=\"https:\/\/www.verywellhealth.com\/how-to-find-copd-support-groups-5203018\">https:\/\/www.verywellhealth.com\/how-to-find-copd-support-groups-5203018<\/a><\/p>\n<p>[10] <a href=\"https:\/\/www.lung.org\/help-support\/patient-caregiver-network\/online-support-communities\">https:\/\/www.lung.org\/help-support\/patient-caregiver-network\/online-support-communities<\/a><\/p>\n<p>[11] <a href=\"https:\/\/www.lung.org\/help-support\/better-breathers-club#:~:text=In%20Person%20or%20Virtual%20Meetings%20Better%20Breathers,the%20support%20of%20others%20in%20similar%20situations.\">https:\/\/www.lung.org\/help-support\/better-breathers-club<\/a><\/p>\n<p>[12] <a href=\"https:\/\/www.lung.org\/media\/press-releases\/new-copd-national-action-plan#:~:text=In%20addition%2C%20for%20those%20living%20with%20COPD,the%20disease%20and%20improve%20quality%20of%20life.\">https:\/\/www.lung.org\/media\/press-releases\/new-copd-national-action-plan<\/a><\/p>\n<p>[13] <a href=\"https:\/\/www.lung.org\/lung-health-diseases\/lung-disease-lookup\/copd\/finding-support\">https:\/\/www.lung.org\/lung-health-diseases\/lung-disease-lookup\/copd\/finding-support<\/a><\/p>\n<p>[14] <a href=\"https:\/\/www.lung.org\/help-support\">https:\/\/www.lung.org\/help-support<\/a><\/p>\n<p>[15] <a href=\"https:\/\/www.lung.org\/lung-health-diseases\/lung-disease-lookup\/copd\/living-with-copd\/coping-with-emotions#:~:text=You%20can%20also%20join%20an%20online%20support,resources%20from%20a%20nurse%20or%20respiratory%20therapist.\">https:\/\/www.lung.org\/lung-health-diseases\/lung-disease-lookup\/copd\/living-with-copd\/coping-with-emotions<\/a><\/p>\n<p>[16] <a href=\"https:\/\/www.antidote.me\/blog\/benefits-of-a-copd-support-group\">https:\/\/www.antidote.me\/blog\/benefits-of-a-copd-support-group<\/a><\/p>\n<p>[17] <a href=\"https:\/\/www.nationaljewish.org\/conditions\/chronic-obstructive-pulmonary-disease\/overview\/resources#:~:text=877%2DCALL%20NJH%20*%20Chronic%20Obstructive%20Pulmonary%20Disease,*%20COPD%20Overview.%20*%20COPD:%20Additional%20Resources.\">https:\/\/www.nationaljewish.org\/conditions\/chronic-obstructive-pulmonary-disease\/overview\/resources<\/a><\/p>\n<p>[18] <a href=\"https:\/\/www.exchangecme.com\/COPDHotTopicsResources#:~:text=National%20Jewish%20Health%20integrates%20the%20latest%20scientific,illnesses%20and%20chronic%20conditions%2C%20such%20as%20COPD.\">https:\/\/www.exchangecme.com\/COPDHotTopicsResources<\/a><\/p>\n<p>[19] <a href=\"https:\/\/www.copd.com\/copd-support\/where-to-find-help\/\">https:\/\/www.copd.com\/copd-support\/where-to-find-help\/<\/a><\/p>\n<p>[20] <a href=\"https:\/\/www.youtube.com\/watch?v=L4gQY_zxkm0\">https:\/\/www.youtube.com\/watch?v=L4gQY_zxkm0<\/a><\/p>\n<p>[\/et_pb_text][\/et_pb_column][\/et_pb_row][\/et_pb_section][et_pb_section fb_built=\u00bb1&#8243; _builder_version=\u00bb4.27.4&#8243; _module_preset=\u00bbdefault\u00bb global_colors_info=\u00bb{}\u00bb][et_pb_row _builder_version=\u00bb4.27.4&#8243; _module_preset=\u00bbdefault\u00bb global_colors_info=\u00bb{}\u00bb][et_pb_column type=\u00bb4_4&#8243; _builder_version=\u00bb4.27.4&#8243; _module_preset=\u00bbdefault\u00bb global_colors_info=\u00bb{}\u00bb][et_pb_text _builder_version=\u00bb4.27.4&#8243; _module_preset=\u00bbdefault\u00bb global_colors_info=\u00bb{}\u00bb]<\/p>\n<p>Esta informaci\u00f3n no ofrece garant\u00edas con respecto a la exactitud o aplicaci\u00f3n de su contenido, declina toda responsabilidad por su uso y no ofrece asesoramiento m\u00e9dico ni legal. No respalda productos o terapias espec\u00edficos, no exige atenci\u00f3n m\u00e9dica ni representa el est\u00e1ndar de atenci\u00f3n. Es posible que la informaci\u00f3n no se actualice continuamente y no sustituye el juicio profesional de un proveedor de tratamiento. Se proporciona \u00abtal cual\u00bb, no ofrece garant\u00edas expresas ni impl\u00edcitas, no asume ninguna responsabilidad por los da\u00f1os que surjan de su uso y declina toda responsabilidad por errores u omisiones.    <\/p>\n<p>[\/et_pb_text][\/et_pb_column][\/et_pb_row][\/et_pb_section]<\/p>\n","protected":false},"excerpt":{"rendered":"<p>No hay informaci\u00f3n sobre este tema disponible en un solo lugar en Internet. Esta informaci\u00f3n se comparte ya que puede ser \u00fatil para usted. A continuaci\u00f3n, se adapta y ampl\u00eda el texto generado por Gemini.\u00bb Gemini, Google, 12 de junio de 2025, mensaje \u201cGrupos de apoyo para la EPOC\u201d. Los grupos de apoyo para la [&hellip;]<\/p>\n","protected":false},"author":1,"featured_media":0,"parent":0,"menu_order":0,"comment_status":"closed","ping_status":"closed","template":"","meta":{"_et_pb_use_builder":"on","_et_pb_old_content":"","_et_gb_content_width":"","footnotes":""},"class_list":["post-289","page","type-page","status-publish","hentry"],"_links":{"self":[{"href":"https:\/\/4rcopd.net\/es\/wp-json\/wp\/v2\/pages\/289","targetHints":{"allow":["GET"]}}],"collection":[{"href":"https:\/\/4rcopd.net\/es\/wp-json\/wp\/v2\/pages"}],"about":[{"href":"https:\/\/4rcopd.net\/es\/wp-json\/wp\/v2\/types\/page"}],"author":[{"embeddable":true,"href":"https:\/\/4rcopd.net\/es\/wp-json\/wp\/v2\/users\/1"}],"replies":[{"embeddable":true,"href":"https:\/\/4rcopd.net\/es\/wp-json\/wp\/v2\/comments?post=289"}],"version-history":[{"count":0,"href":"https:\/\/4rcopd.net\/es\/wp-json\/wp\/v2\/pages\/289\/revisions"}],"wp:attachment":[{"href":"https:\/\/4rcopd.net\/es\/wp-json\/wp\/v2\/media?parent=289"}],"curies":[{"name":"wp","href":"https:\/\/api.w.org\/{rel}","templated":true}]}}