{"id":288,"date":"2025-06-13T15:10:14","date_gmt":"2025-06-13T15:10:14","guid":{"rendered":"https:\/\/4rcopd.net\/info-espiritual\/"},"modified":"2025-09-12T21:24:27","modified_gmt":"2025-09-12T21:24:27","slug":"info-espiritual","status":"publish","type":"page","link":"https:\/\/4rcopd.net\/es\/info-espiritual\/","title":{"rendered":"info-espiritual"},"content":{"rendered":"<p>[et_pb_section fb_built=\u00bb1&#8243; fullwidth=\u00bbon\u00bb _builder_version=\u00bb4.27.4&#8243; _module_preset=\u00bbdefault\u00bb global_colors_info=\u00bb{}\u00bb][et_pb_fullwidth_header title=\u00bbInformaci\u00f3n sobre la EPOC: luchas religiosas y espirituales\u00bb _builder_version=\u00bb4.27.4&#8243; _module_preset=\u00bbdefault\u00bb title_font=\u00bb|700|||||||\u00bb subhead_font_size=\u00bb16px\u00bb custom_padding=\u00bb20px||13px|||\u00bb global_colors_info=\u00bb{}\u00bb][\/et_pb_fullwidth_header][\/et_pb_section][et_pb_section fb_built=\u00bb1&#8243; _builder_version=\u00bb4.27.4&#8243; _module_preset=\u00bbdefault\u00bb custom_padding=\u00bb20px||14px|||\u00bb global_colors_info=\u00bb{}\u00bb][et_pb_row _builder_version=\u00bb4.27.4&#8243; _module_preset=\u00bbdefault\u00bb custom_padding=\u00bb||9px|||\u00bb global_colors_info=\u00bb{}\u00bb][et_pb_column type=\u00bb4_4&#8243; _builder_version=\u00bb4.27.4&#8243; _module_preset=\u00bbdefault\u00bb global_colors_info=\u00bb{}\u00bb][et_pb_text _builder_version=\u00bb4.27.4&#8243; _module_preset=\u00bbdefault\u00bb text_font_size=\u00bb20px\u00bb global_colors_info=\u00bb{}\u00bb]<\/p>\n<p>No hay informaci\u00f3n sobre este tema disponible en un solo lugar en Internet. Esta informaci\u00f3n se comparte ya que puede ser \u00fatil para usted. <\/p>\n<p>[\/et_pb_text][\/et_pb_column][\/et_pb_row][\/et_pb_section][et_pb_section fb_built=\u00bb1&#8243; _builder_version=\u00bb4.27.4&#8243; _module_preset=\u00bbdefault\u00bb custom_padding=\u00bb12px|||||\u00bb global_colors_info=\u00bb{}\u00bb][et_pb_row _builder_version=\u00bb4.27.4&#8243; _module_preset=\u00bbdefault\u00bb custom_padding=\u00bb11px|||||\u00bb global_colors_info=\u00bb{}\u00bb][et_pb_column type=\u00bb4_4&#8243; _builder_version=\u00bb4.27.4&#8243; _module_preset=\u00bbdefault\u00bb global_colors_info=\u00bb{}\u00bb][et_pb_text _builder_version=\u00bb4.27.4&#8243; _module_preset=\u00bbdefault\u00bb global_colors_info=\u00bb{}\u00bb]<\/p>\n<p>  A continuaci\u00f3n, texto adaptado generado por Gemini.\u00bb Gemini, Google, 12 de junio de 2025, mensaje \u201cC\u00f3mo obtener ayuda espiritual durante la enfermedad\u201d.<\/p>\n<p> <span style=\"font-size: large;\">Seg\u00fan diversas fuentes, durante la enfermedad, se puede encontrar ayuda espiritual conectando con comunidades religiosas, practicando disciplinas espirituales, buscando el apoyo de personas de confianza y participando en actividades que promuevan la paz interior y el significado.<\/span> <span style=\"font-size: x-small;\">[<a href=\"https:\/\/www.quora.com\/What-do-I-do-when-I-m-spiritually-sick\">1<\/a>, <a href=\"https:\/\/aegistherapies.com\/blog\/five-ways-to-boost-your-spiritual-wellness\/\">2<\/a>, <a href=\"https:\/\/www.gcu.edu\/blog\/theology-ministry\/spiritual-growth-challenge-how-combat-spiritual-dryness\">3<\/a>]<\/span><\/p>\n<p><span style=\"font-size: large;\">1. <strong>Conecte con una comunidad religiosa:<\/strong><\/span><\/p>\n<ul>\n<li><span style=\"font-size: large;\">Encuentre una organizaci\u00f3n que comparta sus creencias: Interact\u00fae con personas afines para compartir sus preocupaciones y encontrar apoyo.<\/span><\/li>\n<li><span style=\"font-size: large;\">Asista a servicios o reuniones: La participaci\u00f3n en rituales religiosos puede proporcionar una sensaci\u00f3n de comunidad y consuelo.<\/span><\/li>\n<li><span style=\"font-size: large;\">Hable con miembros de confianza: Conecte con personas que entiendan su fe y puedan ofrecerle orientaci\u00f3n.<span style=\"font-size: x-small;\"> [<a href=\"https:\/\/aegistherapies.com\/blog\/five-ways-to-boost-your-spiritual-wellness\/\">2<\/a>, <a href=\"https:\/\/aegistherapies.com\/blog\/five-ways-to-boost-your-spiritual-wellness\/\">2<\/a>, <a href=\"https:\/\/www.elisplace.org\/nurturing-the-mind-the-profound-impact-of-rituals-on-mental-health\/#:~:text=Furthermore%2C%20spiritual%20rituals%20often%20involve%20a%20sense,that%20can%20be%20invaluable%20during%20challenging%20times.\">4<\/a>, <a href=\"https:\/\/www.aafp.org\/pubs\/afp\/issues\/2001\/0101\/p30.html#:~:text=In%20some%20areas%20of%20the%20United%20States%2C,seeking%20support%20from%20clergy%20or%20congregation%20members.\">5<\/a>, <a href=\"https:\/\/fullcolorpsychology.com\/religious-trauma-what-it-is\/#:~:text=However%2C%20religious%20participation%20can%20offer%20a%20multitude,with%20challenges%20and%20uncertainties%20inherent%20in%20life.\">6<\/a>]<\/span><\/span><\/li>\n<\/ul>\n<p><span style=\"font-size: large;\">  2.  <\/span><strong style=\"font-size: large;\">Practique disciplinas espirituales:<\/strong><\/p>\n<ul>\n<li><span style=\"font-size: large;\">Oraci\u00f3n y meditaci\u00f3n: Participe para conectar con un poder superior, encontrar la paz y reflexionar sobre su experiencia.<span style=\"font-size: x-small;\"> [<a href=\"https:\/\/www.gcu.edu\/blog\/theology-ministry\/spiritual-growth-challenge-how-combat-spiritual-dryness\">3<\/a>, <a href=\"https:\/\/www.gcu.edu\/blog\/theology-ministry\/spiritual-growth-challenge-how-combat-spiritual-dryness\">3<\/a>, <a href=\"https:\/\/my.clevelandclinic.org\/health\/articles\/17906-meditation#:~:text=What%20is%20meditation?%20Meditation%20is%20a%20practice,a%20combination%20of%20mental%20and%20physical%20techniques.\">7<\/a>, <a href=\"https:\/\/my.clevelandclinic.org\/health\/articles\/17906-meditation#:~:text=What%20is%20meditation?%20Meditation%20is%20a%20practice,a%20combination%20of%20mental%20and%20physical%20techniques.\">7<\/a>, <a href=\"https:\/\/www.harmonyridgerecovery.com\/the-role-of-church-and-spirituality-in-recovery-journey\/#:~:text=Prayer%20and%20Meditation%20Prayer%20and%20meditation%20help,progress%20and%20stay%20focused%20on%20their%20goals.\">8<\/a>]<\/span><\/span><\/li>\n<li><span style=\"font-size: large;\">Estudio de las Escrituras: Explore textos religiosos para encontrar consuelo, inspiraci\u00f3n y sabidur\u00eda. <span style=\"font-size: x-small;\">[<a href=\"https:\/\/www.mcleanhospital.org\/essential\/spirituality#:~:text=Mindfulness%20practices%2C%20such%20as%20meditation%2C%20prayer%2C%20reflection%2C,connection%20to%20the%20world%20and%20other%20people.\">9<\/a>, <a href=\"https:\/\/www.mcleanhospital.org\/essential\/spirituality#:~:text=Mindfulness%20practices%2C%20such%20as%20meditation%2C%20prayer%2C%20reflection%2C,connection%20to%20the%20world%20and%20other%20people.\">9<\/a>, <a href=\"https:\/\/abide.com\/blog\/prayer-with-scripture-how-to-get-your-day-started\/\">10<\/a>, <a href=\"https:\/\/medium.com\/@rthaoko\/nine-effortless-ways-to-praise-god-embracing-joyful-spiritual-expression-8dc0fffdd869#:~:text=Read%20Sacred%20Texts:%20Delve%20into%20the%20scriptures,teachings%20and%20apply%20them%20to%20daily%20life.\">11<\/a>, <a href=\"https:\/\/www.researchgate.net\/publication\/347344687_Religious_healing_and_mental_health#:~:text=These%20initiatives%20include%20praying%2C%20practicing%20spiritual%20practices%2C,comfort%2C%20and%20increase%20knowledge%20about%20their%20disease\">12<\/a>]<\/span><\/span><\/li>\n<li><span style=\"font-size: large;\">Actos de servicio: Participe en actos de compasi\u00f3n y bondad para conectar con los dem\u00e1s y encontrar un prop\u00f3sito. <span style=\"font-size: x-small;\">[<a href=\"https:\/\/www.canyonranch.com\/well-stated\/post\/your-spiritual-practice-dealing-with-a-health-crisis\/\">13<\/a>, <a href=\"https:\/\/www.canyonranch.com\/well-stated\/post\/your-spiritual-practice-dealing-with-a-health-crisis\/\">13<\/a>, <a href=\"https:\/\/faithcounts.com\/7-spiritual-practices-for-self-care-and-emotional-well-being\/#:~:text=Serving%20others%20is%20a%20core%20tenet%20of,or%20engage%20in%20random%20acts%20of%20kindness.\">14<\/a>, <a href=\"https:\/\/www.linkedin.com\/pulse\/how-spirituality-can-benefit-health-well-being-alma-chopra-phd-tb5kc#:~:text=Practice%20acts%20of%20kindness%20and%20compassion%20towards,enhance%20your%20sense%20of%20purpose%20and%20fulfillment.\">15<\/a>, <a href=\"http:\/\/waocp.com\/journal\/index.php\/apjcc\/article\/view\/489\/1498#:~:text=People%20have%20started%20to%20understand%20that%20compassion%2C,form%20of%20prayer%20and%20helping%20out%20others.\">16<\/a>]<\/span><\/span><span style=\"font-size: x-small;\"> <\/span><\/li>\n<\/ul>\n<ol start=\"3\">\n<li><span style=\"font-size: large;\"><strong> Busque apoyo:<\/strong><\/span><\/li>\n<\/ol>\n<ul>\n<li><span style=\"font-size: large;\">Hable con un amigo o familiar de confianza: Compartir sus sentimientos y preocupaciones puede proporcionarle apoyo emocional.<\/span><\/li>\n<li><span style=\"font-size: large;\">Considere la posibilidad de consultar a un l\u00edder espiritual o consejero: Busque orientaci\u00f3n y apoyo de alguien que pueda ayudarle a transitar su camino espiritual.<\/span><\/li>\n<li><span style=\"font-size: large;\">\u00danase a un grupo de apoyo: Conectar con otras personas que se enfrentan a retos similares puede proporcionar una sensaci\u00f3n de comunidad y comprensi\u00f3n. <span style=\"font-size: xx-small;\">[<a href=\"https:\/\/www.psychologytoday.com\/us\/blog\/the-pursuit-of-peace\/202403\/6-ways-to-cope-with-religious-and-spiritual-struggles\">17<\/a>, <a href=\"https:\/\/www.psychologytoday.com\/us\/blog\/the-pursuit-of-peace\/202403\/6-ways-to-cope-with-religious-and-spiritual-struggles\">17<\/a>, <a href=\"https:\/\/www.facebook.com\/DeepakChopra\/videos\/spirituality-mental-health\/508282068864919\/#:~:text=When%20individuals%20feel%20connected%20to%20others%20who,foster%20a%20sense%20within%20a%20community%20setting.\">18<\/a>]<\/span><\/span><span style=\"font-size: xx-small;\"> . <span style=\"font-size: large;\">Hay grupos de apoyo disponibles en <a href=\"https:\/\/4rcopd.net\/info-support-groups\/\"><span style=\"text-decoration: underline;\"><span style=\"color: #0c71c3;\"><strong>4rcopd.net\/support-groups<\/strong><\/span><\/span><\/a><\/span><\/span><\/li>\n<\/ul>\n<ol start=\"4\">\n<li><span style=\"font-size: large;\"><strong> Participe en actividades significativas:<\/strong><\/span><\/li>\n<\/ol>\n<ul>\n<li><span style=\"font-size: large;\">Pase tiempo en la naturaleza: Disfrutar de la belleza de la naturaleza puede promover la paz interior y la conexi\u00f3n.<span style=\"font-size: x-small;\"> [<a href=\"https:\/\/www.canyonranch.com\/well-stated\/post\/your-spiritual-practice-dealing-with-a-health-crisis\/\">13<\/a>, <a href=\"https:\/\/www.canyonranch.com\/well-stated\/post\/your-spiritual-practice-dealing-with-a-health-crisis\/\">13<\/a>]<\/span><\/span><\/li>\n<li><span style=\"font-size: large;\">Practique la atenci\u00f3n plena: Participe en la meditaci\u00f3n o la respiraci\u00f3n profunda para concentrarse en el momento presente. <span style=\"font-size: x-small;\">[<a href=\"https:\/\/www.mcleanhospital.org\/essential\/spirituality#:~:text=Mindfulness%20practices%2C%20such%20as%20meditation%2C%20prayer%2C%20reflection%2C,connection%20to%20the%20world%20and%20other%20people.\">9<\/a>, <a href=\"https:\/\/www.mcleanhospital.org\/essential\/spirituality#:~:text=Mindfulness%20practices%2C%20such%20as%20meditation%2C%20prayer%2C%20reflection%2C,connection%20to%20the%20world%20and%20other%20people.\">9<\/a>, <a href=\"https:\/\/www.mesotheliomahope.com\/blog\/spiritual-practices-and-serious-medical-diagnosis\/\">19<\/a>, <a href=\"https:\/\/uncovercounseling.com\/blog\/mindful-living-embracing-mindfulness-in-everyday-life\/#:~:text=Engage%20in%20mindful%20activities%20such%20as%20meditation%2C,with%20yourself%20and%20the%20world%20around%20you.\">20<\/a>, <a href=\"https:\/\/www.brainzmagazine.com\/post\/10-ways-to-achieve-personal-freedom#:~:text=Mindfulness%20offers%20a%20doorway%20to%20this%20elusive,minds%20to%20the%20symphony%20of%20the%20present.\">21<\/a>]<\/span><\/span><\/li>\n<li><span style=\"font-size: large;\">Participe en actividades creativas: Exprese sus emociones y encuentre significado a trav\u00e9s del arte, la m\u00fasica o la escritura. <span style=\"font-size: x-small;\">[<a href=\"https:\/\/www.mcleanhospital.org\/essential\/spirituality#:~:text=Mindfulness%20practices%2C%20such%20as%20meditation%2C%20prayer%2C%20reflection%2C,connection%20to%20the%20world%20and%20other%20people.\">9<\/a>, <a href=\"https:\/\/www.mcleanhospital.org\/essential\/spirituality#:~:text=Mindfulness%20practices%2C%20such%20as%20meditation%2C%20prayer%2C%20reflection%2C,connection%20to%20the%20world%20and%20other%20people.\">9<\/a>]<\/span><\/span> <\/li>\n<\/ul>\n<ol start=\"5\">\n<li><span style=\"font-size: large;\"><strong> Recuerde ser amable consigo mismo:<\/strong><\/span><\/li>\n<\/ol>\n<ul>\n<li><span style=\"font-size: large;\">Reconozca sus sentimientos: Perm\u00edtase sentir el dolor y el sufrimiento asociados a la enfermedad. <span style=\"font-size: x-small;\">[<a href=\"https:\/\/www.psychologytoday.com\/us\/blog\/the-pursuit-of-peace\/202403\/6-ways-to-cope-with-religious-and-spiritual-struggles\">17<\/a>]<\/span><\/span><\/li>\n<li><span style=\"font-size: large;\">Practique la autocompasi\u00f3n: Sea amable y comprensivo consigo mismo durante los momentos dif\u00edciles.<span style=\"font-size: x-small;\"> [<a href=\"https:\/\/www.psychologytoday.com\/us\/blog\/the-pursuit-of-peace\/202403\/6-ways-to-cope-with-religious-and-spiritual-struggles\">17<\/a>]<\/span><\/span><\/li>\n<li><span style=\"font-size: large;\">Conc\u00e9ntrese en lo que puede controlar: Priorice su bienestar y conc\u00e9ntrese en los aspectos positivos de su vida. <span style=\"font-size: x-small;\">[<a href=\"https:\/\/www.canyonranch.com\/well-stated\/post\/your-spiritual-practice-dealing-with-a-health-crisis\/\">13<\/a>]<\/span><\/span><\/li>\n<\/ul>\n<p><span style=\"font-size: large;\"> <\/span><\/p>\n<p><span style=\"font-size: large;\">Al participar activamente en estas pr\u00e1cticas y buscar apoyo, puede encontrar consuelo y fortaleza espiritual. <span style=\"font-size: x-small;\">[<a href=\"https:\/\/www.quora.com\/What-do-I-do-when-I-m-spiritually-sick\">1<\/a>, <a href=\"https:\/\/aegistherapies.com\/blog\/five-ways-to-boost-your-spiritual-wellness\/\">2<\/a>, <a href=\"https:\/\/www.gcu.edu\/blog\/theology-ministry\/spiritual-growth-challenge-how-combat-spiritual-dryness\">3<\/a>]<\/span><\/span><\/p>\n<p>&nbsp;<\/p>\n<p>&nbsp;<\/p>\n<p><em>Las respuestas de la IA pueden incluir errores.<\/em><\/p>\n<p>[1] <a href=\"https:\/\/www.quora.com\/What-do-I-do-when-I-m-spiritually-sick\">https:\/\/www.quora.com\/What-do-I-do-when-I-m-spiritually-sick<\/a><\/p>\n<p>[2] <a href=\"https:\/\/aegistherapies.com\/blog\/five-ways-to-boost-your-spiritual-wellness\/\">https:\/\/aegistherapies.com\/blog\/five-ways-to-boost-your-spiritual-wellness\/<\/a><\/p>\n<p>[3] <a href=\"https:\/\/www.gcu.edu\/blog\/theology-ministry\/spiritual-growth-challenge-how-combat-spiritual-dryness\">https:\/\/www.gcu.edu\/blog\/theology-ministry\/spiritual-growth-challenge-how-combat-spiritual-dryness<\/a><\/p>\n<p>[4] <a href=\"https:\/\/www.elisplace.org\/nurturing-the-mind-the-profound-impact-of-rituals-on-mental-health\/#:~:text=Furthermore%2C%20spiritual%20rituals%20often%20involve%20a%20sense,that%20can%20be%20invaluable%20during%20challenging%20times.\">https:\/\/www.elisplace.org\/nurturing-the-mind-the-profound-impact-of-rituals-on-mental-health\/<\/a><\/p>\n<p>[5] <a href=\"https:\/\/www.aafp.org\/pubs\/afp\/issues\/2001\/0101\/p30.html#:~:text=In%20some%20areas%20of%20the%20United%20States%2C,seeking%20support%20from%20clergy%20or%20congregation%20members.\">https:\/\/www.aafp.org\/pubs\/afp\/issues\/2001\/0101\/p30.html<\/a><\/p>\n<p>[6] <a href=\"https:\/\/fullcolorpsychology.com\/religious-trauma-what-it-is\/#:~:text=However%2C%20religious%20participation%20can%20offer%20a%20multitude,with%20challenges%20and%20uncertainties%20inherent%20in%20life.\">https:\/\/fullcolorpsychology.com\/religious-trauma-what-it-is\/<\/a><\/p>\n<p>[7] <a href=\"https:\/\/my.clevelandclinic.org\/health\/articles\/17906-meditation#:~:text=What%20is%20meditation?%20Meditation%20is%20a%20practice,a%20combination%20of%20mental%20and%20physical%20techniques.\">https:\/\/my.clevelandclinic.org\/health\/articles\/17906-meditation<\/a><\/p>\n<p>[8] <a href=\"https:\/\/www.harmonyridgerecovery.com\/the-role-of-church-and-spirituality-in-recovery-journey\/#:~:text=Prayer%20and%20Meditation%20Prayer%20and%20meditation%20help,progress%20and%20stay%20focused%20on%20their%20goals.\">https:\/\/www.harmonyridgerecovery.com\/the-role-of-church-and-spirituality-in-recovery-journey\/<\/a><\/p>\n<p>[9] <a href=\"https:\/\/www.mcleanhospital.org\/essential\/spirituality#:~:text=Mindfulness%20practices%2C%20such%20as%20meditation%2C%20prayer%2C%20reflection%2C,connection%20to%20the%20world%20and%20other%20people.\">https:\/\/www.mcleanhospital.org\/essential\/spirituality<\/a><\/p>\n<p>[10] <a href=\"https:\/\/abide.com\/blog\/prayer-with-scripture-how-to-get-your-day-started\/\">https:\/\/abide.com\/blog\/prayer-with-scripture-how-to-get-your-day-started\/<\/a><\/p>\n<p>[11] <a href=\"https:\/\/medium.com\/@rthaoko\/nine-effortless-ways-to-praise-god-embracing-joyful-spiritual-expression-8dc0fffdd869#:~:text=Read%20Sacred%20Texts:%20Delve%20into%20the%20scriptures,teachings%20and%20apply%20them%20to%20daily%20life.\">https:\/\/medium.com\/@rthaoko\/nine-effortless-ways-to-praise-god-embracing-joyful-spiritual-expression-8dc0fffdd869<\/a><\/p>\n<p>[12] <a href=\"https:\/\/www.researchgate.net\/publication\/347344687_Religious_healing_and_mental_health#:~:text=These%20initiatives%20include%20praying%2C%20practicing%20spiritual%20practices%2C,comfort%2C%20and%20increase%20knowledge%20about%20their%20disease\">https:\/\/www.researchgate.net\/publication\/347344687_Religious_healing_and_mental_health<\/a><\/p>\n<p>[13] <a href=\"https:\/\/www.canyonranch.com\/well-stated\/post\/your-spiritual-practice-dealing-with-a-health-crisis\/\">https:\/\/www.canyonranch.com\/well-stated\/post\/your-spiritual-practice-dealing-with-a-health-crisis\/<\/a><\/p>\n<p>[14] <a href=\"https:\/\/faithcounts.com\/7-spiritual-practices-for-self-care-and-emotional-well-being\/#:~:text=Serving%20others%20is%20a%20core%20tenet%20of,or%20engage%20in%20random%20acts%20of%20kindness.\">https:\/\/faithcounts.com\/7-spiritual-practices-for-self-care-and-emotional-well-being\/<\/a><\/p>\n<p>[15] <a href=\"https:\/\/www.linkedin.com\/pulse\/how-spirituality-can-benefit-health-well-being-alma-chopra-phd-tb5kc#:~:text=Practice%20acts%20of%20kindness%20and%20compassion%20towards,enhance%20your%20sense%20of%20purpose%20and%20fulfillment.\">https:\/\/www.linkedin.com\/pulse\/how-spirituality-can-benefit-health-well-being-alma-chopra-phd-tb5kc<\/a><\/p>\n<p>[16] <a href=\"http:\/\/waocp.com\/journal\/index.php\/apjcc\/article\/view\/489\/1498#:~:text=People%20have%20started%20to%20understand%20that%20compassion%2C,form%20of%20prayer%20and%20helping%20out%20others.\">http:\/\/waocp.com\/journal\/index.php\/apjcc\/article\/view\/489\/1498<\/a><\/p>\n<p>[17] <a href=\"https:\/\/www.psychologytoday.com\/us\/blog\/the-pursuit-of-peace\/202403\/6-ways-to-cope-with-religious-and-spiritual-struggles\">https:\/\/www.psychologytoday.com\/us\/blog\/the-pursuit-of-peace\/202403\/6-ways-to-cope-with-religious-and-spiritual-struggles<\/a><\/p>\n<p>[18] <a href=\"https:\/\/www.facebook.com\/DeepakChopra\/videos\/spirituality-mental-health\/508282068864919\/#:~:text=When%20individuals%20feel%20connected%20to%20others%20who,foster%20a%20sense%20within%20a%20community%20setting.\">https:\/\/www.facebook.com\/DeepakChopra\/videos\/spirituality-mental-health\/508282068864919\/<\/a><\/p>\n<p>[19] <a href=\"https:\/\/www.mesotheliomahope.com\/blog\/spiritual-practices-and-serious-medical-diagnosis\/\">https:\/\/www.mesotheliomahope.com\/blog\/spiritual-practices-and-serious-medical-diagnosis\/<\/a><\/p>\n<p>[20] <a href=\"https:\/\/uncovercounseling.com\/blog\/mindful-living-embracing-mindfulness-in-everyday-life\/#:~:text=Engage%20in%20mindful%20activities%20such%20as%20meditation%2C,with%20yourself%20and%20the%20world%20around%20you.\">https:\/\/uncovercounseling.com\/blog\/mindful-living-embracing-mindfulness-in-everyday-life\/<\/a><\/p>\n<p>[21] <a href=\"https:\/\/www.brainzmagazine.com\/post\/10-ways-to-achieve-personal-freedom#:~:text=Mindfulness%20offers%20a%20doorway%20to%20this%20elusive,minds%20to%20the%20symphony%20of%20the%20present.\">https:\/\/www.brainzmagazine.com\/post\/10-ways-to-achieve-personal-freedom<\/a><\/p>\n<p>&nbsp;<\/p>\n<p>&nbsp;<\/p>\n<p>[\/et_pb_text][\/et_pb_column][\/et_pb_row][\/et_pb_section][et_pb_section fb_built=\u00bb1&#8243; _builder_version=\u00bb4.27.4&#8243; _module_preset=\u00bbdefault\u00bb global_colors_info=\u00bb{}\u00bb][et_pb_row _builder_version=\u00bb4.27.4&#8243; _module_preset=\u00bbdefault\u00bb global_colors_info=\u00bb{}\u00bb][et_pb_column type=\u00bb4_4&#8243; _builder_version=\u00bb4.27.4&#8243; _module_preset=\u00bbdefault\u00bb global_colors_info=\u00bb{}\u00bb][et_pb_text _builder_version=\u00bb4.27.4&#8243; _module_preset=\u00bbdefault\u00bb global_colors_info=\u00bb{}\u00bb]<\/p>\n<p>Esta informaci\u00f3n no ofrece garant\u00edas con respecto a la exactitud o aplicaci\u00f3n de su contenido, declina toda responsabilidad por su uso y no ofrece asesoramiento m\u00e9dico ni legal. No respalda productos o terapias espec\u00edficos, no exige atenci\u00f3n m\u00e9dica ni representa el est\u00e1ndar de atenci\u00f3n. Es posible que la informaci\u00f3n no se actualice continuamente y no sustituye el juicio profesional de un proveedor de tratamiento. Se proporciona \u00abtal cual\u00bb, no ofrece garant\u00edas expresas ni impl\u00edcitas, no asume ninguna responsabilidad por los da\u00f1os que surjan de su uso y declina toda responsabilidad por errores u omisiones.    <\/p>\n<p>[\/et_pb_text][\/et_pb_column][\/et_pb_row][\/et_pb_section]<\/p>\n","protected":false},"excerpt":{"rendered":"<p>No hay informaci\u00f3n sobre este tema disponible en un solo lugar en Internet. Esta informaci\u00f3n se comparte ya que puede ser \u00fatil para usted. A continuaci\u00f3n, texto adaptado generado por Gemini.\u00bb Gemini, Google, 12 de junio de 2025, mensaje \u201cC\u00f3mo obtener ayuda espiritual durante la enfermedad\u201d. Seg\u00fan diversas fuentes, durante la enfermedad, se puede encontrar [&hellip;]<\/p>\n","protected":false},"author":1,"featured_media":0,"parent":0,"menu_order":0,"comment_status":"closed","ping_status":"closed","template":"","meta":{"_et_pb_use_builder":"on","_et_pb_old_content":"","_et_gb_content_width":"","footnotes":""},"class_list":["post-288","page","type-page","status-publish","hentry"],"_links":{"self":[{"href":"https:\/\/4rcopd.net\/es\/wp-json\/wp\/v2\/pages\/288","targetHints":{"allow":["GET"]}}],"collection":[{"href":"https:\/\/4rcopd.net\/es\/wp-json\/wp\/v2\/pages"}],"about":[{"href":"https:\/\/4rcopd.net\/es\/wp-json\/wp\/v2\/types\/page"}],"author":[{"embeddable":true,"href":"https:\/\/4rcopd.net\/es\/wp-json\/wp\/v2\/users\/1"}],"replies":[{"embeddable":true,"href":"https:\/\/4rcopd.net\/es\/wp-json\/wp\/v2\/comments?post=288"}],"version-history":[{"count":0,"href":"https:\/\/4rcopd.net\/es\/wp-json\/wp\/v2\/pages\/288\/revisions"}],"wp:attachment":[{"href":"https:\/\/4rcopd.net\/es\/wp-json\/wp\/v2\/media?parent=288"}],"curies":[{"name":"wp","href":"https:\/\/api.w.org\/{rel}","templated":true}]}}