{"id":279,"date":"2025-06-14T17:06:27","date_gmt":"2025-06-14T17:06:27","guid":{"rendered":"https:\/\/4rcopd.net\/preocupaciones\/"},"modified":"2025-09-12T21:18:03","modified_gmt":"2025-09-12T21:18:03","slug":"preocupaciones","status":"publish","type":"page","link":"https:\/\/4rcopd.net\/es\/preocupaciones\/","title":{"rendered":"preocupaciones"},"content":{"rendered":"<p>[et_pb_section fb_built=\u00bb1&#8243; fullwidth=\u00bbon\u00bb _builder_version=\u00bb4.27.4&#8243; _module_preset=\u00bbdefault\u00bb global_colors_info=\u00bb{}\u00bb][et_pb_fullwidth_header title=\u00bbC\u00f3mo gestionar sus preocupaciones y s\u00edntomas \u00bb _builder_version=\u00bb4.27.4&#8243; _module_preset=\u00bbdefault\u00bb title_font=\u00bb|700|||||||\u00bb title_font_size=\u00bb33px\u00bb subhead_font_size=\u00bb16px\u00bb background_color=\u00bb#006b8e\u00bb custom_padding=\u00bb20px||13px|||\u00bb global_colors_info=\u00bb{}\u00bb][\/et_pb_fullwidth_header][\/et_pb_section][et_pb_section fb_built=\u00bb1&#8243; _builder_version=\u00bb4.27.4&#8243; _module_preset=\u00bbdefault\u00bb custom_padding=\u00bb20px||14px|||\u00bb global_colors_info=\u00bb{}\u00bb][et_pb_row _builder_version=\u00bb4.27.4&#8243; _module_preset=\u00bbdefault\u00bb custom_padding=\u00bb||9px|||\u00bb global_colors_info=\u00bb{}\u00bb][et_pb_column type=\u00bb4_4&#8243; _builder_version=\u00bb4.27.4&#8243; _module_preset=\u00bbdefault\u00bb global_colors_info=\u00bb{}\u00bb][et_pb_text _builder_version=\u00bb4.27.4&#8243; _module_preset=\u00bbdefault\u00bb text_font_size=\u00bb23px\u00bb global_colors_info=\u00bb{}\u00bb]<\/p>\n<p><strong>Si tiene dolor en el pecho, dificultad para respirar incluso en reposo, color azul alrededor de los labios o los dedos, se siente muy enfermo o tiene convulsiones, llame al 9-1-1 o acuda a la sala de emergencias.<br \/><\/strong>Informe al personal de urgencias de que tiene EPOC y comparta sus otras enfermedades<\/p>\n<p>[\/et_pb_text][\/et_pb_column][\/et_pb_row][\/et_pb_section][et_pb_section fb_built=\u00bb1&#8243; _builder_version=\u00bb4.27.4&#8243; _module_preset=\u00bbdefault\u00bb custom_padding=\u00bb18px||13px|||\u00bb global_colors_info=\u00bb{}\u00bb][et_pb_row _builder_version=\u00bb4.27.4&#8243; _module_preset=\u00bbdefault\u00bb custom_padding=\u00bb11px||9px|||\u00bb global_colors_info=\u00bb{}\u00bb][et_pb_column type=\u00bb4_4&#8243; _builder_version=\u00bb4.27.4&#8243; _module_preset=\u00bbdefault\u00bb global_colors_info=\u00bb{}\u00bb][et_pb_text _builder_version=\u00bb4.27.4&#8243; _module_preset=\u00bbdefault\u00bb text_font=\u00bbArial||||||||\u00bb text_font_size=\u00bb24px\u00bb global_colors_info=\u00bb{}\u00bb]<\/p>\n<p><strong>Si tiene alguno de estos s\u00edntomas, p\u00f3ngase en contacto con su equipo de atenci\u00f3n m\u00e9dica hoy mismo:<\/strong><\/p>\n<p><strong><\/strong><\/p>\n<ul>\n<li>Si tiene fiebre, una temperatura superior a 38 \u00b0C<\/li>\n<li>Tos nueva o que empeora<\/li>\n<li>Empeoramiento de la dificultad para respirar<\/li>\n<li>M\u00e1s mucosidad o cambio en el color de la mucosidad<\/li>\n<li>Mayor dificultad con las actividades habituales: incapacidad para ducharse, ir al ba\u00f1o y vestirse.<\/li>\n<\/ul>\n<p><strong><\/strong><\/p>\n<p>[\/et_pb_text][dpvfw_pdf_viewer_link pdfviewer=\u00bb120&#8243; text_viewer=\u00bbclick here for a pdf version of managing your concerns and symptoms\u00bb _builder_version=\u00bb4.27.4&#8243; _module_preset=\u00bbdefault\u00bb title_font_size=\u00bb21px\u00bb global_colors_info=\u00bb{}\u00bb][\/dpvfw_pdf_viewer_link][et_pb_text _builder_version=\u00bb4.27.4&#8243; _dynamic_attributes=\u00bblink_option_url\u00bb _module_preset=\u00bbdefault\u00bb text_font=\u00bb||||||||\u00bb text_text_color=\u00bb#0C71C3&#8243; link_option_url=\u00bb@ET-DC@eyJkeW5hbWljIjp0cnVlLCJjb250ZW50IjoicG9zdF9saW5rX3VybF9wYWdlIiwic2V0dGluZ3MiOnsicG9zdF9pZCI6IjIzMyJ9fQ==@\u00bb link_option_url_new_window=\u00bbon\u00bb hover_enabled=\u00bb0&#8243; global_colors_info=\u00bb{}\u00bb theme_builder_area=\u00bbpost_content\u00bb text_font_size=\u00bb19px\u00bb sticky_enabled=\u00bb0&#8243;]<\/p>\n<p>Haga clic aqu\u00ed para obtener un documento para hacer un seguimiento de su equipo de atenci\u00f3n y obtener recursos<\/p>\n<p>[\/et_pb_text][\/et_pb_column][\/et_pb_row][\/et_pb_section][et_pb_section fb_built=\u00bb1&#8243; _builder_version=\u00bb4.27.4&#8243; _module_preset=\u00bbdefault\u00bb custom_padding=\u00bb9px||9px|||\u00bb global_colors_info=\u00bb{}\u00bb][et_pb_row _builder_version=\u00bb4.27.4&#8243; _module_preset=\u00bbdefault\u00bb custom_padding=\u00bb12px||6px|||\u00bb global_colors_info=\u00bb{}\u00bb][et_pb_column type=\u00bb4_4&#8243; _builder_version=\u00bb4.27.4&#8243; _module_preset=\u00bbdefault\u00bb global_colors_info=\u00bb{}\u00bb][et_pb_heading title=\u00bbPreocupaciones comunes\u00bb _builder_version=\u00bb4.27.4&#8243; _module_preset=\u00bbdefault\u00bb title_font=\u00bb|700|||||||\u00bb custom_margin=\u00bb||5px|||\u00bb custom_padding=\u00bb7px|||||\u00bb global_colors_info=\u00bb{}\u00bb][\/et_pb_heading][et_pb_text _builder_version=\u00bb4.27.4&#8243; _module_preset=\u00bbdefault\u00bb header_font_size=\u00bb24px\u00bb global_colors_info=\u00bb{}\u00bb]<\/p>\n<h1 class=\"et_pb_module_heading et-fb-editable-element et-fb-editable-element__editing\" data-shortcode-id=\"4.0.0.0-1749921037810\" data-quickaccess-id=\"title\" contenteditable=\"true\">Si alguna preocupaci\u00f3n se vuelve grave, p\u00f3ngase en contacto con su equipo de atenci\u00f3n m\u00e9dica<\/h1>\n<p>[\/et_pb_text][\/et_pb_column][\/et_pb_row][\/et_pb_section][et_pb_section fb_built=\u00bb1&#8243; _builder_version=\u00bb4.27.4&#8243; _module_preset=\u00bbdefault\u00bb custom_padding=\u00bb14px||14px|||\u00bb global_colors_info=\u00bb{}\u00bb][et_pb_row column_structure=\u00bb1_2,1_2&#8243; _builder_version=\u00bb4.27.4&#8243; _module_preset=\u00bbdefault\u00bb global_colors_info=\u00bb{}\u00bb][et_pb_column type=\u00bb1_2&#8243; _builder_version=\u00bb4.27.4&#8243; _module_preset=\u00bbdefault\u00bb global_colors_info=\u00bb{}\u00bb][et_pb_text _builder_version=\u00bb4.27.4&#8243; _module_preset=\u00bbdefault\u00bb text_font_size=\u00bb18px\u00bb global_colors_info=\u00bb{}\u00bb]<\/p>\n<p><a href=\"https:\/\/4rcopd.net\/living-with\">Vivir con EPOC<\/a><\/p>\n<p><span><a href=\"https:\/\/4rcopd.net\/sleep\">Sue\u00f1o<\/a><\/span><\/p>\n<p><span><a href=\"https:\/\/4rcopd.net\/smoke\">Ayuda para dejar de consumir tabaco\/cigarrillos\/vapeo<\/a><\/span><\/p>\n<p><span><a href=\"https:\/\/4rcopd.net\/substance-use\">Ayuda para dejar de consumir drogas no recetadas<\/a><\/span><\/p>\n<p><span><a href=\"https:\/\/4rcopd.net\/dry-mouth\">Llagas en la boca o sequedad bucal <\/a><\/span><\/p>\n<p><a href=\"https:\/\/4rcopd.net\/sex\">Intimidad o funci\u00f3n sexual<\/a><\/p>\n<p><a href=\"https:\/\/4rcopd.net\/muscle-pain\">Dolor muscular (mialgia)<\/a><\/p>\n<p><a href=\"https:\/\/4rcopd.net\/memory\">Memoria, dificultad para encontrar palabras<\/a><\/p>\n<p><a href=\"https:\/\/4rcopd.net\/fatigue\">Fatiga (poca energ\u00eda)<\/a><\/p>\n<p><a href=\"https:\/\/4rcopd.net\/activity\">Actividad f\u00edsica y EPOC<\/a><\/p>\n<p>[\/et_pb_text][\/et_pb_column][et_pb_column type=\u00bb1_2&#8243; _builder_version=\u00bb4.27.4&#8243; _module_preset=\u00bbdefault\u00bb global_colors_info=\u00bb{}\u00bb][et_pb_text _builder_version=\u00bb4.27.4&#8243; _module_preset=\u00bbdefault\u00bb text_font_size=\u00bb18px\u00bb custom_padding=\u00bb0px|||||\u00bb global_colors_info=\u00bb{}\u00bb]<\/p>\n<p><em><\/em><\/p>\n<p><a href=\"https:\/\/4rcopd.net\/herbs\">Uso de hierbas o suplementos<\/a><\/p>\n<p><a href=\"https:\/\/4rcopd.net\/food\">Alimentos y EPOC<\/a><\/p>\n<p><span><a href=\"https:\/\/4rcopd.net\/nutrition\">Preocupaciones sobre la nutrici\u00f3n, el peso, el gusto<\/a><\/span><\/p>\n<p><a href=\"https:\/\/4rcopd.net\/vitamin-d\">Uso de vitamina D<\/a><\/p>\n<p><a href=\"https:\/\/4rcopd.net\/htuanala\">C\u00f3mo usar la mascarilla del nebulizador<\/a><span> y <\/span><a href=\"https:\/\/4rcopd.net\/htcanala\">c\u00f3mo limpiarla<\/a><\/p>\n<p><a href=\"https:\/\/4rcopd.net\/niv\">Soluci\u00f3n de problemas de la m\u00e1quina de VNI<\/a><\/p>\n<p><a href=\"https:\/\/4rcopd.net\/dmec\">Dispositivos m\u00e9dicos<\/a><span> y <\/span><a href=\"https:\/\/4rcopd.net\/oxygen-a\">suministros para dispositivos<\/a><span> y <\/span><a href=\"https:\/\/4rcopd.net\/dmeccm\">d\u00f3nde obtenerlos<\/a><span>&#8211; Medicare<\/span><\/p>\n<p><em><\/em><\/p>\n<p><em><\/em><\/p>\n<p>[\/et_pb_text][\/et_pb_column][\/et_pb_row][\/et_pb_section][et_pb_section fb_built=\u00bb1&#8243; _builder_version=\u00bb4.27.4&#8243; _module_preset=\u00bbdefault\u00bb custom_padding=\u00bb9px||9px|||\u00bb global_colors_info=\u00bb{}\u00bb][et_pb_row _builder_version=\u00bb4.27.4&#8243; _module_preset=\u00bbdefault\u00bb custom_padding=\u00bb12px||6px|||\u00bb global_colors_info=\u00bb{}\u00bb][et_pb_column type=\u00bb4_4&#8243; _builder_version=\u00bb4.27.4&#8243; _module_preset=\u00bbdefault\u00bb global_colors_info=\u00bb{}\u00bb][et_pb_heading title=\u00bbPreocupaciones pr\u00e1cticas o emocionales\u00bb _builder_version=\u00bb4.27.4&#8243; _module_preset=\u00bbdefault\u00bb title_font=\u00bb|700|||||||\u00bb custom_margin=\u00bb||5px|||\u00bb custom_padding=\u00bb7px|||||\u00bb global_colors_info=\u00bb{}\u00bb][\/et_pb_heading][et_pb_text _builder_version=\u00bb4.27.4&#8243; _module_preset=\u00bbdefault\u00bb header_font_size=\u00bb24px\u00bb global_colors_info=\u00bb{}\u00bb]<\/p>\n<h1 class=\"et_pb_module_heading et-fb-editable-element et-fb-editable-element__editing\" data-shortcode-id=\"4.0.0.0-1749921037810\" data-quickaccess-id=\"title\" contenteditable=\"true\">Si alguna preocupaci\u00f3n se vuelve grave, p\u00f3ngase en contacto con su equipo de atenci\u00f3n m\u00e9dica<\/h1>\n<p>[\/et_pb_text][\/et_pb_column][\/et_pb_row][\/et_pb_section][et_pb_section fb_built=\u00bb1&#8243; _builder_version=\u00bb4.27.4&#8243; _module_preset=\u00bbdefault\u00bb custom_padding=\u00bb14px||14px|||\u00bb global_colors_info=\u00bb{}\u00bb][et_pb_row column_structure=\u00bb1_2,1_2&#8243; _builder_version=\u00bb4.27.4&#8243; _module_preset=\u00bbdefault\u00bb global_colors_info=\u00bb{}\u00bb][et_pb_column type=\u00bb1_2&#8243; _builder_version=\u00bb4.27.4&#8243; _module_preset=\u00bbdefault\u00bb global_colors_info=\u00bb{}\u00bb][et_pb_text _builder_version=\u00bb4.27.4&#8243; _module_preset=\u00bbdefault\u00bb text_font_size=\u00bb18px\u00bb global_colors_info=\u00bb{}\u00bb]<\/p>\n<p><a href=\"https:\/\/4rcopd.net\/sad\">Poco inter\u00e9s o placer en hacer cosas o sentirse nervioso, estresado, ansioso o al l\u00edmite<\/a><\/p>\n<p><a href=\"https:\/\/4rcopd.net\/support-groups\">Grupos de apoyo<\/a><\/p>\n<p><span><a href=\"https:\/\/4rcopd.net\/financial-assistance\">Asistencia financiera<\/a><\/span><\/p>\n<p><span><a href=\"https:\/\/4rcopd.net\/planning\">Planificaci\u00f3n legal y de vida<\/a><\/span><\/p>\n<p><span><a href=\"https:\/\/4rcopd.net\/disability\">Discapacidad<\/a><\/span><\/p>\n<p><a href=\"https:\/\/4rcopd.net\/caregiving\">Apoyo para cuidadores y familiares<\/a><\/p>\n<p>[\/et_pb_text][\/et_pb_column][et_pb_column type=\u00bb1_2&#8243; _builder_version=\u00bb4.27.4&#8243; _module_preset=\u00bbdefault\u00bb global_colors_info=\u00bb{}\u00bb][et_pb_text _builder_version=\u00bb4.27.4&#8243; _module_preset=\u00bbdefault\u00bb text_font_size=\u00bb18px\u00bb custom_padding=\u00bb0px|||||\u00bb global_colors_info=\u00bb{}\u00bb]<\/p>\n<p><span><a href=\"https:\/\/4rcopd.net\/insurance\">Seguro m\u00e9dico<\/a><\/span><\/p>\n<p><a href=\"https:\/\/4rcopd.net\/safer-home\">Hogar m\u00e1s seguro<\/a><\/p>\n<p><a href=\"https:\/\/4rcopd.net\/lonely\">Soledad: mantenerse conectado<\/a><\/p>\n<p><a href=\"https:\/\/4rcopd.net\/spiritual\">Luchas religiosas o espirituales<\/a><\/p>\n<p><a href=\"https:\/\/4rcopd.net\/driving\">Conducci\u00f3n<\/a><\/p>\n<p><span><a href=\"https:\/\/4rcopd.net\/elder-abuse\">Abuso de ancianos<\/a><\/span><\/p>\n<p><a href=\"https:\/\/4rcopd.net\/home\">Atenci\u00f3n domiciliaria<\/a><span>, <\/span><a href=\"https:\/\/4rcopd.net\/home-cms\">Medicare en casa<\/a><\/p>\n<p><a href=\"https:\/\/4rcopd.net\/extra-care\">Vida asistida y atenci\u00f3n a largo plazo<\/a><\/p>\n<p>[\/et_pb_text][\/et_pb_column][\/et_pb_row][\/et_pb_section][et_pb_section fb_built=\u00bb1&#8243; _builder_version=\u00bb4.27.4&#8243; _module_preset=\u00bbdefault\u00bb custom_padding=\u00bb18px||13px|||\u00bb global_colors_info=\u00bb{}\u00bb][et_pb_row _builder_version=\u00bb4.27.4&#8243; _module_preset=\u00bbdefault\u00bb custom_padding=\u00bb11px||9px|||\u00bb global_colors_info=\u00bb{}\u00bb][et_pb_column type=\u00bb4_4&#8243; _builder_version=\u00bb4.27.4&#8243; _module_preset=\u00bbdefault\u00bb global_colors_info=\u00bb{}\u00bb][et_pb_text _builder_version=\u00bb4.27.4&#8243; _module_preset=\u00bbdefault\u00bb text_font=\u00bbArial||||||||\u00bb text_font_size=\u00bb24px\u00bb text_line_height=\u00bb1.9em\u00bb global_colors_info=\u00bb{}\u00bb]<\/p>\n<p><strong>Recordatorios \u00fatiles:<\/strong><strong><\/strong><\/p>\n<ul>\n<li><strong> <\/strong>L\u00e1vese las manos con regularidad, con agua tibia y jab\u00f3n. Especialmente cuando est\u00e9 cerca de otras personas. <\/li>\n<li>Establezca rutinas y recordatorios para su medicamento<\/li>\n<li>No cambie la cantidad ni deje de tomar su medicamento sin antes consultarlo con su equipo de atenci\u00f3n m\u00e9dica<\/li>\n<li>Revise su t\u00e9cnica de inhalaci\u00f3n o dosificaci\u00f3n si siente que el medicamento no est\u00e1 funcionando<\/li>\n<li>Anote todos los efectos secundarios y s\u00edntomas que tenga y comp\u00e1rtalos con su equipo de atenci\u00f3n m\u00e9dica<\/li>\n<li>Hable con su equipo de atenci\u00f3n m\u00e9dica antes de tomar medicamentos de venta libre, hierbas, suplementos o vitaminas<\/li>\n<li>Lleve consigo una lista de sus medicamentos y comp\u00e1rtala con los proveedores m\u00e9dicos<\/li>\n<\/ul>\n<p><strong>Nunca dude en llamar a su proveedor de atenci\u00f3n m\u00e9dica si tiene preguntas o inquietudes.<\/strong><\/p>\n<p><strong><\/strong><\/p>\n<p>[\/et_pb_text][dpvfw_pdf_viewer_link pdfviewer=\u00bb120&#8243; text_viewer=\u00bbclick here for a pdf version of managing your concerns and symptoms\u00bb _builder_version=\u00bb4.27.4&#8243; _module_preset=\u00bbdefault\u00bb title_font_size=\u00bb18px\u00bb global_colors_info=\u00bb{}\u00bb][\/dpvfw_pdf_viewer_link][\/et_pb_column][\/et_pb_row][\/et_pb_section][et_pb_section fb_built=\u00bb1&#8243; _builder_version=\u00bb4.27.4&#8243; _module_preset=\u00bbdefault\u00bb custom_padding=\u00bb18px||13px|||\u00bb global_colors_info=\u00bb{}\u00bb][et_pb_row _builder_version=\u00bb4.27.4&#8243; _module_preset=\u00bbdefault\u00bb min_height=\u00bb125.2px\u00bb global_colors_info=\u00bb{}\u00bb][et_pb_column type=\u00bb4_4&#8243; _builder_version=\u00bb4.27.4&#8243; _module_preset=\u00bbdefault\u00bb global_colors_info=\u00bb{}\u00bb][et_pb_text _builder_version=\u00bb4.27.4&#8243; _module_preset=\u00bbdefault\u00bb global_colors_info=\u00bb{}\u00bb]<\/p>\n<p>Esta informaci\u00f3n no ofrece garant\u00edas con respecto a la exactitud o aplicaci\u00f3n de su contenido, declina toda responsabilidad por su uso y no ofrece asesoramiento m\u00e9dico ni legal. No respalda productos o terapias espec\u00edficos, no exige atenci\u00f3n m\u00e9dica ni representa el est\u00e1ndar de atenci\u00f3n. Es posible que la informaci\u00f3n no se actualice continuamente y no sustituye el juicio profesional de un proveedor de tratamiento. Se proporciona \u00abtal cual\u00bb, no ofrece garant\u00edas expresas ni impl\u00edcitas, no asume ninguna responsabilidad por los da\u00f1os que surjan de su uso y declina toda responsabilidad por errores u omisiones.    <\/p>\n<p>[\/et_pb_text][\/et_pb_column][\/et_pb_row][\/et_pb_section][et_pb_section fb_built=\u00bb1&#8243; _builder_version=\u00bb4.27.4&#8243; _module_preset=\u00bbdefault\u00bb global_colors_info=\u00bb{}\u00bb][\/et_pb_section]<\/p>\n","protected":false},"excerpt":{"rendered":"<p>Si tiene dolor en el pecho, dificultad para respirar incluso en reposo, color azul alrededor de los labios o los dedos, se siente muy enfermo o tiene convulsiones, llame al 9-1-1 o acuda a la sala de emergencias.Informe al personal de urgencias de que tiene EPOC y comparta sus otras enfermedadesSi tiene alguno de estos [&hellip;]<\/p>\n","protected":false},"author":1,"featured_media":0,"parent":0,"menu_order":0,"comment_status":"closed","ping_status":"closed","template":"","meta":{"_et_pb_use_builder":"on","_et_pb_old_content":"","_et_gb_content_width":"","footnotes":""},"class_list":["post-279","page","type-page","status-publish","hentry"],"_links":{"self":[{"href":"https:\/\/4rcopd.net\/es\/wp-json\/wp\/v2\/pages\/279","targetHints":{"allow":["GET"]}}],"collection":[{"href":"https:\/\/4rcopd.net\/es\/wp-json\/wp\/v2\/pages"}],"about":[{"href":"https:\/\/4rcopd.net\/es\/wp-json\/wp\/v2\/types\/page"}],"author":[{"embeddable":true,"href":"https:\/\/4rcopd.net\/es\/wp-json\/wp\/v2\/users\/1"}],"replies":[{"embeddable":true,"href":"https:\/\/4rcopd.net\/es\/wp-json\/wp\/v2\/comments?post=279"}],"version-history":[{"count":0,"href":"https:\/\/4rcopd.net\/es\/wp-json\/wp\/v2\/pages\/279\/revisions"}],"wp:attachment":[{"href":"https:\/\/4rcopd.net\/es\/wp-json\/wp\/v2\/media?parent=279"}],"curies":[{"name":"wp","href":"https:\/\/api.w.org\/{rel}","templated":true}]}}