{"id":265,"date":"2025-06-16T16:05:53","date_gmt":"2025-06-16T16:05:53","guid":{"rendered":"https:\/\/4rcopd.net\/med-softmist\/"},"modified":"2025-09-12T23:46:38","modified_gmt":"2025-09-12T23:46:38","slug":"softmist","status":"publish","type":"page","link":"https:\/\/4rcopd.net\/es\/softmist\/","title":{"rendered":"med-softmist"},"content":{"rendered":"<p>[et_pb_section fb_built=\u00bb1&#8243; fullwidth=\u00bbon\u00bb _builder_version=\u00bb4.27.4&#8243; _module_preset=\u00bbdefault\u00bb global_colors_info=\u00bb{}\u00bb][et_pb_fullwidth_header title=\u00bbEPOC &#8211; inhalador de niebla suave\u00bb _builder_version=\u00bb4.27.4&#8243; _module_preset=\u00bbdefault\u00bb title_font=\u00bb|700|||||||\u00bb background_color=\u00bb#00b050&#8243; custom_padding=\u00bb3px||8px|||\u00bb global_colors_info=\u00bb{}\u00bb][\/et_pb_fullwidth_header][\/et_pb_section][et_pb_section fb_built=\u00bb1&#8243; _builder_version=\u00bb4.27.0&#8243; _module_preset=\u00bbdefault\u00bb custom_padding=\u00bb26px||11px|||\u00bb global_colors_info=\u00bb{}\u00bb][et_pb_row _builder_version=\u00bb4.27.0&#8243; _module_preset=\u00bbdefault\u00bb custom_padding=\u00bb||7px|||\u00bb global_colors_info=\u00bb{}\u00bb][et_pb_column type=\u00bb4_4&#8243; _builder_version=\u00bb4.27.0&#8243; _module_preset=\u00bbdefault\u00bb global_colors_info=\u00bb{}\u00bb][et_pb_text _builder_version=\u00bb4.27.0&#8243; _module_preset=\u00bbdefault\u00bb text_font=\u00bbArial|700|||||||\u00bb text_font_size=\u00bb26px\u00bb text_line_height=\u00bb1.8em\u00bb custom_padding=\u00bb||4px|||\u00bb global_colors_info=\u00bb{}\u00bb]<\/p>\n<p>La administraci\u00f3n de este medicamento tiene muchos pasos para utilizarlo correctamente. El uso correcto de cada medicamento le ayudar\u00e1 a controlar sus s\u00edntomas de EPOC. Pida a su equipo sanitario y a su farmac\u00e9utico que revisen c\u00f3mo est\u00e1 utilizando sus medicamentos.  <\/p>\n<p>[\/et_pb_text][\/et_pb_column][\/et_pb_row][\/et_pb_section][et_pb_section fb_built=\u00bb1&#8243; admin_label=\u00bbService\u00bb _builder_version=\u00bb4.23.1&#8243; background_color=\u00bb#f6f8fa\u00bb module_alignment=\u00bbleft\u00bb custom_padding=\u00bb17px||23px|||\u00bb global_colors_info=\u00bb{}\u00bb][et_pb_row column_structure=\u00bb3_5,2_5&#8243; _builder_version=\u00bb4.23.1&#8243; _module_preset=\u00bbdefault\u00bb global_colors_info=\u00bb{}\u00bb][et_pb_column type=\u00bb3_5&#8243; _builder_version=\u00bb4.23.1&#8243; _module_preset=\u00bbdefault\u00bb global_colors_info=\u00bb{}\u00bb][dpvfw_pdf_viewer_embed pdfviewer=\u00bb347&#8243; _builder_version=\u00bb4.27.4&#8243; _module_preset=\u00bbdefault\u00bb hover_enabled=\u00bb0&#8243; global_colors_info=\u00bb{}\u00bb sticky_enabled=\u00bb0&#8243;][\/dpvfw_pdf_viewer_embed][\/et_pb_column][et_pb_column type=\u00bb2_5&#8243; _builder_version=\u00bb4.23.1&#8243; _module_preset=\u00bbdefault\u00bb global_colors_info=\u00bb{}\u00bb][et_pb_text _builder_version=\u00bb4.27.0&#8243; text_font=\u00bb||||||||\u00bb text_font_size=\u00bb16px\u00bb ul_font=\u00bb||||||||\u00bb ul_line_height=\u00bb2.5em\u00bb header_font=\u00bb||||||||\u00bb header_2_font=\u00bbMontserrat|800|||||||\u00bb header_2_font_size=\u00bb30px\u00bb header_2_line_height=\u00bb1.5em\u00bb header_3_font=\u00bb||||||||\u00bb header_4_font=\u00bb||||||||\u00bb max_width=\u00bb600px\u00bb max_width_tablet=\u00bb700px\u00bb max_width_phone=\u00bb700px\u00bb max_width_last_edited=\u00bboff|desktop\u00bb custom_margin=\u00bb||-1px|||\u00bb custom_margin_tablet=\u00bb|0px||\u00bb custom_margin_phone=\u00bb|0px||\u00bb custom_margin_last_edited=\u00bboff|desktop\u00bb custom_padding=\u00bb20px|||\u00bb header_2_font_size_tablet=\u00bb30px\u00bb header_2_font_size_phone=\u00bb20px\u00bb header_2_font_size_last_edited=\u00bbon|phone\u00bb border_color_all=\u00bb#0C71C3&#8243; border_width_top=\u00bb2px\u00bb locked=\u00bboff\u00bb global_colors_info=\u00bb{}\u00bb]<\/p>\n<h3>Preparaci\u00f3n para el tratamiento<\/h3>\n<ul>\n<li>Sus proveedores de atenci\u00f3n sanitaria decidir\u00e1n, junto con usted, qu\u00e9 medicamentos para la EPOC son los adecuados para usted.<\/li>\n<\/ul>\n<p>[\/et_pb_text][et_pb_text _builder_version=\u00bb4.27.4&#8243; _dynamic_attributes=\u00bblink_option_url\u00bb _module_preset=\u00bbdefault\u00bb text_text_color=\u00bb#0c61c9&#8243; text_font_size=\u00bb15px\u00bb link_option_url=\u00bb@ET-DC@eyJkeW5hbWljIjp0cnVlLCJjb250ZW50IjoicG9zdF9saW5rX3VybF9wYWdlIiwic2V0dGluZ3MiOnsicG9zdF9pZCI6IjE4MiJ9fQ==@\u00bb global_colors_info=\u00bb{}\u00bb]<\/p>\n<p>C\u00f3mo utilizar un inhalador de dosis medida<\/p>\n<p>[\/et_pb_text][et_pb_text _builder_version=\u00bb4.27.4&#8243; _dynamic_attributes=\u00bblink_option_url\u00bb _module_preset=\u00bbdefault\u00bb text_text_color=\u00bb#0c61c9&#8243; text_font_size=\u00bb15px\u00bb link_option_url=\u00bb@ET-DC@eyJkeW5hbWljIjp0cnVlLCJjb250ZW50IjoicG9zdF9saW5rX3VybF9wYWdlIiwic2V0dGluZ3MiOnsicG9zdF9pZCI6IjE4NCJ9fQ==@\u00bb global_colors_info=\u00bb{}\u00bb]<\/p>\n<p>C\u00f3mo utilizar un inhalador de niebla suave<\/p>\n<p>[\/et_pb_text][et_pb_text _builder_version=\u00bb4.27.4&#8243; _dynamic_attributes=\u00bblink_option_url\u00bb _module_preset=\u00bbdefault\u00bb text_text_color=\u00bb#0c61c9&#8243; text_font_size=\u00bb15px\u00bb link_option_url=\u00bb@ET-DC@eyJkeW5hbWljIjp0cnVlLCJjb250ZW50IjoicG9zdF9saW5rX3VybF9wYWdlIiwic2V0dGluZ3MiOnsicG9zdF9pZCI6IjE4NSJ9fQ==@\u00bb global_colors_info=\u00bb{}\u00bb]<\/p>\n<p>C\u00f3mo utilizar un inhalador de polvo seco<\/p>\n<p>[\/et_pb_text][et_pb_text _builder_version=\u00bb4.27.4&#8243; _dynamic_attributes=\u00bblink_option_url\u00bb _module_preset=\u00bbdefault\u00bb text_text_color=\u00bb#0c61c9&#8243; text_font_size=\u00bb15px\u00bb link_option_url=\u00bb@ET-DC@eyJkeW5hbWljIjp0cnVlLCJjb250ZW50IjoicG9zdF9saW5rX3VybF9wYWdlIiwic2V0dGluZ3MiOnsicG9zdF9pZCI6IjIxNiJ9fQ==@\u00bb global_colors_info=\u00bb{}\u00bb]<\/p>\n<p>C\u00f3mo utilizar un medicamento inyectable<\/p>\n<p>[\/et_pb_text][et_pb_text _builder_version=\u00bb4.27.4&#8243; _dynamic_attributes=\u00bblink_option_url\u00bb _module_preset=\u00bbdefault\u00bb text_text_color=\u00bb#0c61c9&#8243; text_font_size=\u00bb15px\u00bb link_option_url=\u00bb@ET-DC@eyJkeW5hbWljIjp0cnVlLCJjb250ZW50IjoicG9zdF9saW5rX3VybF9wYWdlIiwic2V0dGluZ3MiOnsicG9zdF9pZCI6IjE4NiJ9fQ==@\u00bb global_colors_info=\u00bb{}\u00bb]<\/p>\n<p>C\u00f3mo utilizar un nebulizador con medicamento<\/p>\n<p>[\/et_pb_text][et_pb_button button_url=\u00bbhttps:\/\/4rcopd.net\/intro-meds-video%20&#8243; url_new_window=\u00bbon\u00bb button_text=\u00bbV\u00eddeos sobre el uso de medicamentos para la EPOC\u00bb _builder_version=\u00bb4.27.4&#8243; _module_preset=\u00bbdefault\u00bb custom_button=\u00bbon\u00bb button_text_color=\u00bb#FFFFFF\u00bb button_bg_color=\u00bb#00b050&#8243; button_border_radius=\u00bb10px\u00bb button_font=\u00bb|600||on|||||\u00bb button_on_hover=\u00bboff\u00bb global_colors_info=\u00bb{}\u00bb][\/et_pb_button][dpvfw_pdf_viewer_link pdfviewer=\u00bb152&#8243; text_viewer=\u00bbA clean version of my meds for printing and use\u00bb link_pdf=\u00bb_blank\u00bb _builder_version=\u00bb4.27.4&#8243; _module_preset=\u00bbdefault\u00bb global_colors_info=\u00bb{}\u00bb][\/dpvfw_pdf_viewer_link][dpvfw_pdf_viewer_link pdfviewer=\u00bb80&#8243; text_viewer=\u00bbDocument to track your care team\u00bb link_pdf=\u00bb_blank\u00bb _builder_version=\u00bb4.27.4&#8243; _module_preset=\u00bbdefault\u00bb global_colors_info=\u00bb{}\u00bb][\/dpvfw_pdf_viewer_link][dpvfw_pdf_viewer_link pdfviewer=\u00bb83&#8243; text_viewer=\u00bbInformation to share with your care team\u00bb _builder_version=\u00bb4.27.4&#8243; _module_preset=\u00bbdefault\u00bb global_colors_info=\u00bb{}\u00bb][\/dpvfw_pdf_viewer_link][et_pb_button button_url=\u00bbhttps:\/\/www.surveymonkey.com\/r\/SDDKLCV\u00bb url_new_window=\u00bbon\u00bb button_text=\u00bbHaga clic para realizar una encuesta de 2 minutos\u00bb _builder_version=\u00bb4.27.4&#8243; _module_preset=\u00bbdefault\u00bb custom_button=\u00bbon\u00bb button_text_color=\u00bb#FFFFFF\u00bb button_bg_color=\u00bb#008932&#8243; button_border_color=\u00bb#000000&#8243; global_colors_info=\u00bb{}\u00bb][\/et_pb_button][\/et_pb_column][\/et_pb_row][\/et_pb_section][et_pb_section fb_built=\u00bb1&#8243; fullwidth=\u00bbon\u00bb _builder_version=\u00bb4.24.1&#8243; _module_preset=\u00bbdefault\u00bb global_colors_info=\u00bb{}\u00bb][et_pb_fullwidth_header button_one_text=\u00bbHaga clic aqu\u00ed para obtener un plan de Care Sequence\u00bb button_one_url=\u00bb@ET-DC@eyJkeW5hbWljIjp0cnVlLCJjb250ZW50IjoicG9zdF9saW5rX3VybF9wYWdlIiwic2V0dGluZ3MiOnsicG9zdF9pZCI6IjU1In19@\u00bb _builder_version=\u00bb4.27.4&#8243; _dynamic_attributes=\u00bbbutton_one_url\u00bb _module_preset=\u00bbdefault\u00bb background_color=\u00bb#FFFFFF\u00bb custom_button_one=\u00bbon\u00bb button_one_text_color=\u00bb#FFFFFF\u00bb button_one_bg_color=\u00bb#7ebec5&#8243; button_one_border_radius=\u00bb4px\u00bb button_one_letter_spacing=\u00bb0px\u00bb button_one_font=\u00bbArial|600|||||||\u00bb button_one_icon_color=\u00bb#FFFFFF\u00bb custom_padding=\u00bb0px||3px|||\u00bb global_colors_info=\u00bb{}\u00bb][\/et_pb_fullwidth_header][\/et_pb_section][et_pb_section fb_built=\u00bb1&#8243; _builder_version=\u00bb4.23.1&#8243; _module_preset=\u00bbdefault\u00bb custom_padding=\u00bb12px||26px|||\u00bb global_colors_info=\u00bb{}\u00bb][et_pb_row column_structure=\u00bb1_2,1_2&#8243; _builder_version=\u00bb4.23.1&#8243; _module_preset=\u00bbdefault\u00bb custom_padding=\u00bb10px||0px|||\u00bb global_colors_info=\u00bb{}\u00bb][et_pb_column type=\u00bb1_2&#8243; _builder_version=\u00bb4.23.1&#8243; _module_preset=\u00bbdefault\u00bb global_colors_info=\u00bb{}\u00bb][et_pb_text _builder_version=\u00bb4.27.4&#8243; _module_preset=\u00bbdefault\u00bb text_font_size=\u00bb18px\u00bb custom_padding=\u00bb||0px|||\u00bb global_colors_info=\u00bb{}\u00bb]<\/p>\n<p><strong>Enlaces web a informaci\u00f3n y recursos de confianza:<\/strong><\/p>\n<ul>\n<li><a href=\"https:\/\/www.copdfoundation.org\/\">COPD Foundation<\/a><\/li>\n<li><a href=\"https:\/\/4rcopd.net\/360social\">COPD 360social<\/a><\/li>\n<li><a href=\"https:\/\/uscopdcoalition.org\/\">U.S. COPD Coalition<\/a><\/li>\n<li><a href=\"https:\/\/alpha1.org\/\">Alpha-1 Foundation<\/a><\/li>\n<li><a href=\"https:\/\/gaapp.org\/diseases\/copd\/\">Plataforma global de pacientes con alergias y enfermedades de las v\u00edas respiratorias<\/a> <\/li>\n<li><a href=\"https:\/\/europeanlung.org\/en\/information-hub\/living-with-a-lung-condition\/living-well-with-copd\/\">Fundaci\u00f3n Europea del Pulm\u00f3n<\/a><\/li>\n<\/ul>\n<p>&nbsp;<\/p>\n<p>[\/et_pb_text][\/et_pb_column][et_pb_column type=\u00bb1_2&#8243; _builder_version=\u00bb4.23.1&#8243; _module_preset=\u00bbdefault\u00bb global_colors_info=\u00bb{}\u00bb][et_pb_text _builder_version=\u00bb4.27.4&#8243; _module_preset=\u00bbdefault\u00bb text_font_size=\u00bb18px\u00bb global_colors_info=\u00bb{}\u00bb]<\/p>\n<p>&nbsp;<\/p>\n<p><span style=\"font-size: large;\">American Lung Association:  <\/span><\/p>\n<ul>\n<li><span style=\"font-size: large;\"> <a href=\"https:\/\/4rcopd.net\/ala-support\">Encontrar apoyo<\/a><\/span><\/li>\n<li><span style=\"font-size: large;\"> <a href=\"https:\/\/www.lung.org\/help-support\/better-breathers-club\">Club Better Breathers<\/a><\/span><\/li>\n<li><span style=\"font-size: large;\"> <a href=\"https:\/\/www.lung.org\/help-support\/patient-caregiver-network\">Red de pacientes y cuidadores<\/a><\/span><\/li>\n<li><span style=\"font-size: large;\"><a href=\"https:\/\/www.lung.org\/help-support\/lung-helpline-and-tobacco-quitline\/education-series\">Navegantes de la salud pulmonar<\/a><\/span><\/li>\n<\/ul>\n<p>[\/et_pb_text][\/et_pb_column][\/et_pb_row][\/et_pb_section][et_pb_section fb_built=\u00bb1&#8243; admin_label=\u00bbTestimonials\u00bb _builder_version=\u00bb4.16&#8243; global_colors_info=\u00bb{}\u00bb][et_pb_row column_structure=\u00bb1_4,3_4&#8243; _builder_version=\u00bb4.16&#8243; custom_padding=\u00bb0|0px|27px|0px|false|false\u00bb locked=\u00bboff\u00bb global_colors_info=\u00bb{}\u00bb][et_pb_column type=\u00bb1_4&#8243; _builder_version=\u00bb4.16&#8243; custom_padding=\u00bb|||\u00bb global_colors_info=\u00bb{}\u00bb custom_padding__hover=\u00bb|||\u00bb][et_pb_image src=\u00bbhttps:\/\/4rcopd.net\/wp-content\/uploads\/2025\/05\/quote.png\u00bb align=\u00bbcenter\u00bb align_tablet=\u00bbcenter\u00bb align_phone=\u00bbcenter\u00bb align_last_edited=\u00bbon|desktop\u00bb _builder_version=\u00bb4.24.2&#8243; background_color=\u00bb#0C71C3&#8243; custom_padding=\u00bb40px|20px|40px|20px|true|true\u00bb global_colors_info=\u00bb{}\u00bb][\/et_pb_image][\/et_pb_column][et_pb_column type=\u00bb3_4&#8243; _builder_version=\u00bb4.16&#8243; custom_padding=\u00bb|||\u00bb global_colors_info=\u00bb{}\u00bb custom_padding__hover=\u00bb|||\u00bb][et_pb_text _builder_version=\u00bb4.24.2&#8243; text_font=\u00bb||||||||\u00bb text_font_size=\u00bb16px\u00bb text_line_height=\u00bb2em\u00bb ul_font=\u00bb||||||||\u00bb ul_line_height=\u00bb2.5em\u00bb header_font=\u00bb||||||||\u00bb header_2_font=\u00bbMontserrat|800|||||||\u00bb header_2_font_size=\u00bb30px\u00bb header_2_line_height=\u00bb1.5em\u00bb header_3_font=\u00bb||||||||\u00bb header_4_font=\u00bb||||||||\u00bb max_width=\u00bb600px\u00bb max_width_tablet=\u00bb700px\u00bb max_width_phone=\u00bb700px\u00bb max_width_last_edited=\u00bboff|desktop\u00bb custom_margin=\u00bb|||\u00bb custom_margin_tablet=\u00bb|0px||\u00bb custom_margin_phone=\u00bb|0px||\u00bb custom_margin_last_edited=\u00bboff|desktop\u00bb custom_padding=\u00bb30px||30px||true|false\u00bb header_2_font_size_tablet=\u00bb30px\u00bb header_2_font_size_phone=\u00bb20px\u00bb header_2_font_size_last_edited=\u00bbon|phone\u00bb border_color_all=\u00bb#0C71C3&#8243; border_width_top=\u00bb2px\u00bb global_colors_info=\u00bb{}\u00bb]<\/p>\n<p>Muy \u00fatil para m\u00ed para poder entender por lo que estoy pasando<\/p>\n<p>[\/et_pb_text][et_pb_text _builder_version=\u00bb4.24.2&#8243; text_font=\u00bb||||||||\u00bb text_font_size=\u00bb16px\u00bb text_line_height=\u00bb2em\u00bb ul_font=\u00bb||||||||\u00bb ul_line_height=\u00bb2.5em\u00bb header_font=\u00bb||||||||\u00bb header_2_font=\u00bbMontserrat|800|||||||\u00bb header_2_font_size=\u00bb30px\u00bb header_2_line_height=\u00bb1.5em\u00bb header_3_font=\u00bb||||||||\u00bb header_4_font=\u00bb||||||||\u00bb max_width=\u00bb600px\u00bb max_width_tablet=\u00bb700px\u00bb max_width_phone=\u00bb700px\u00bb max_width_last_edited=\u00bboff|desktop\u00bb min_height=\u00bb90px\u00bb custom_margin=\u00bb|||\u00bb custom_margin_tablet=\u00bb|0px||\u00bb custom_margin_phone=\u00bb|0px||\u00bb custom_margin_last_edited=\u00bboff|desktop\u00bb custom_padding=\u00bb30px||30px||true|false\u00bb header_2_font_size_tablet=\u00bb30px\u00bb header_2_font_size_phone=\u00bb20px\u00bb header_2_font_size_last_edited=\u00bbon|phone\u00bb border_color_all=\u00bb#0C71C3&#8243; border_width_top=\u00bb2px\u00bb global_colors_info=\u00bb{}\u00bb]<\/p>\n<p>Con tanta informaci\u00f3n que se le proporciona tan r\u00e1pidamente, fue agradable tener una hoja de ruta<\/p>\n<p>[\/et_pb_text][et_pb_text _builder_version=\u00bb4.24.2&#8243; text_font=\u00bb||||||||\u00bb text_font_size=\u00bb16px\u00bb text_line_height=\u00bb2em\u00bb ul_font=\u00bb||||||||\u00bb ul_line_height=\u00bb2.5em\u00bb header_font=\u00bb||||||||\u00bb header_2_font=\u00bbMontserrat|800|||||||\u00bb header_2_font_size=\u00bb30px\u00bb header_2_line_height=\u00bb1.5em\u00bb header_3_font=\u00bb||||||||\u00bb header_4_font=\u00bb||||||||\u00bb max_width=\u00bb600px\u00bb max_width_tablet=\u00bb700px\u00bb max_width_phone=\u00bb700px\u00bb max_width_last_edited=\u00bboff|desktop\u00bb custom_margin=\u00bb|||\u00bb custom_margin_tablet=\u00bb|0px||\u00bb custom_margin_phone=\u00bb|0px||\u00bb custom_margin_last_edited=\u00bboff|desktop\u00bb custom_padding=\u00bb30px||30px||true|false\u00bb header_2_font_size_tablet=\u00bb30px\u00bb header_2_font_size_phone=\u00bb20px\u00bb header_2_font_size_last_edited=\u00bbon|phone\u00bb border_color_all=\u00bb#0C71C3&#8243; border_width_top=\u00bb2px\u00bb global_colors_info=\u00bb{}\u00bb]<\/p>\n<p>Me ayud\u00f3 a mantenerme concentrado, a estar informado, a poder ver el panorama general<\/p>\n<p>[\/et_pb_text][\/et_pb_column][\/et_pb_row][\/et_pb_section]<\/p>\n","protected":false},"excerpt":{"rendered":"<p>La administraci\u00f3n de este medicamento tiene muchos pasos para utilizarlo correctamente. El uso correcto de cada medicamento le ayudar\u00e1 a controlar sus s\u00edntomas de EPOC. Pida a su equipo sanitario y a su farmac\u00e9utico que revisen c\u00f3mo est\u00e1 utilizando sus medicamentos. <div class=\"et_pb_module dpvfw_pdf_viewer_embed dpvfw_pdf_viewer_embed_0\">\n\t\t\t\t\n\t\t\t\t\n\t\t\t\t\n\t\t\t\t\n\t\t\t\t\n\t\t\t\t\n\t\t\t\t<div class=\"et_pb_module_inner\">\n\t\t\t\t\t<div><a class=\"fullscreen-mode\" href=\"https:\/\/4rcopd.net\/es\/pdfviewer\/es-soft-mist-online\/?auto_viewer=true#page=&zoom=auto&pagemode=none\" target=\"_blank\">Fullscreen Mode<\/a><br><iframe loading=\"lazy\" class=\"pvfw-pdf-viewer-frame\" width=\"100%\" height=\"800\" src=\"https:\/\/4rcopd.net\/es\/pdfviewer\/es-soft-mist-online\/?auto_viewer=true#page=&zoom=auto&pagemode=none\" title=\"\"><\/iframe><\/div>\n\t\t\t\t<\/div>\n\t\t\t<\/div>Preparaci\u00f3n para el tratamiento Sus proveedores de atenci\u00f3n [&hellip;]<\/p>\n","protected":false},"author":1,"featured_media":0,"parent":0,"menu_order":0,"comment_status":"closed","ping_status":"closed","template":"","meta":{"_et_pb_use_builder":"on","_et_pb_old_content":"","_et_gb_content_width":"","footnotes":""},"class_list":["post-265","page","type-page","status-publish","hentry"],"_links":{"self":[{"href":"https:\/\/4rcopd.net\/es\/wp-json\/wp\/v2\/pages\/265","targetHints":{"allow":["GET"]}}],"collection":[{"href":"https:\/\/4rcopd.net\/es\/wp-json\/wp\/v2\/pages"}],"about":[{"href":"https:\/\/4rcopd.net\/es\/wp-json\/wp\/v2\/types\/page"}],"author":[{"embeddable":true,"href":"https:\/\/4rcopd.net\/es\/wp-json\/wp\/v2\/users\/1"}],"replies":[{"embeddable":true,"href":"https:\/\/4rcopd.net\/es\/wp-json\/wp\/v2\/comments?post=265"}],"version-history":[{"count":0,"href":"https:\/\/4rcopd.net\/es\/wp-json\/wp\/v2\/pages\/265\/revisions"}],"wp:attachment":[{"href":"https:\/\/4rcopd.net\/es\/wp-json\/wp\/v2\/media?parent=265"}],"curies":[{"name":"wp","href":"https:\/\/api.w.org\/{rel}","templated":true}]}}